{"id":494,"date":"2024-12-09T13:32:51","date_gmt":"2024-12-09T13:32:51","guid":{"rendered":"https:\/\/meiji-uk.com\/home\/"},"modified":"2025-05-21T10:22:00","modified_gmt":"2025-05-21T10:22:00","slug":"home","status":"publish","type":"page","link":"https:\/\/meiji-uk.com\/hu\/","title":{"rendered":"Kezd\u0151lap"},"content":{"rendered":"\n<div class=\"wp-block-uagb-container uagb-block-b4bdb975 alignfull uagb-is-root-container\"><div class=\"uagb-container__video-wrap\"><video autoplay loop muted playsinline><source src=\"https:\/\/meiji-uk.com\/wp-content\/uploads\/2024\/12\/6450803-hd_1920_1080_25fps.mp4\" type=\"video\/mp4\"\/><\/video><\/div>\n<div class=\"wp-block-uagb-advanced-heading uagb-block-8bf76f40\"><h2 class=\"uagb-heading-text\">MEIJI UK<br>A megold\u00e1s<\/h2><\/div>\n\n\n\n<div class=\"wp-block-uagb-info-box uagb-block-3b7e0e21 uagb-infobox__content-wrap  uagb-infobox-icon-above-title uagb-infobox-image-valign-top\"><div class=\"uagb-ifb-content\"><div class=\"uagb-ifb-title-wrap\"><\/div><p class=\"uagb-ifb-desc\"><strong><br><strong>3,000+ gy\u00e1rt\u00f3 ipari term\u00e9keinek besz\u00e1ll\u00edt\u00f3ja.<\/strong><\/strong><\/p><div class=\"uagb-ifb-button-wrapper wp-block-button\"><a href=\"\/hu\/contact\/\" class=\"uagb-infobox-cta-link wp-block-button__link\" target=\"_self\" rel=\"noopener noreferrer\" onclick=\"return true;\"><span class=\"uagb-inline-editing\">\u00c1raj\u00e1nlatk\u00e9r\u00e9s<\/span><\/a><\/div><\/div><\/div>\n\n\n\n<div style=\"height:100px\" aria-hidden=\"true\" class=\"wp-block-spacer\"><\/div>\n\n\n\n<div class=\"wp-block-uagb-advanced-heading uagb-block-ee808540\"><h2 class=\"uagb-heading-text\">Szolg\u00e1ltat\u00e1saink:<\/h2><\/div>\n\n\n\n<div style=\"height:60px\" aria-hidden=\"true\" class=\"wp-block-spacer\"><\/div>\n\n\n\n<div class=\"wp-block-uagb-advanced-heading uagb-block-8888096e\"><h2 class=\"uagb-heading-text\">MRO alkatr\u00e9sz besz\u00e1ll\u00edt\u00e1s<\/h2><\/div>\n\n\n\n<div style=\"height:30px\" aria-hidden=\"true\" class=\"wp-block-spacer\"><\/div>\n\n\n\n<div class=\"wp-block-uagb-advanced-heading uagb-block-5949e343\"><h2 class=\"uagb-heading-text\">Tervez\u00e9s \u00e9s Gy\u00e1rt\u00e1s<\/h2><\/div>\n\n\n\n<div style=\"height:30px\" aria-hidden=\"true\" class=\"wp-block-spacer\"><\/div>\n\n\n\n<div class=\"wp-block-uagb-advanced-heading uagb-block-854fb6e9\"><h2 class=\"uagb-heading-text\">Kaizen \u00e9s fenntarthat\u00f3s\u00e1g<\/h2><\/div>\n\n\n\n<div style=\"height:30px\" aria-hidden=\"true\" class=\"wp-block-spacer\"><\/div>\n\n\n\n<div class=\"wp-block-uagb-icon-list uagb-block-d006bf3b\"><div class=\"uagb-icon-list__wrap\">\n<div class=\"wp-block-uagb-icon-list-child uagb-block-befadc43\"><span class=\"uagb-icon-list__source-wrap\"><svg xmlns=\"https:\/\/www.w3.org\/2000\/svg\" viewBox=\"0 0 256 512\"><path d=\"M256 448c0 17.67-14.33 32-32 32H32c-17.67 0-32-14.33-32-32s14.33-32 32-32h64V123.8L49.75 154.6C35.02 164.5 15.19 160.4 5.375 145.8C-4.422 131.1-.4531 111.2 14.25 101.4l96-64c9.828-6.547 22.45-7.187 32.84-1.594C153.5 41.37 160 52.22 160 64.01v352h64C241.7 416 256 430.3 256 448z\"><\/path><\/svg><\/span><span class=\"uagb-icon-list__label\">MRO:  karbantart\u00e1s, jav\u00edt\u00e1s \u00e9s nagyjav\u00edt\u00e1s<\/span><\/div>\n\n\n\n<div class=\"wp-block-uagb-icon-list-child uagb-block-a0adea09\"><span class=\"uagb-icon-list__source-wrap\"><svg xmlns=\"https:\/\/www.w3.org\/2000\/svg\" viewBox=\"0 0 320 512\"><path d=\"M320 448c0 17.67-14.33 32-32 32H32c-13.08 0-24.83-7.953-29.7-20.09c-4.859-12.12-1.859-26 7.594-35.03l193.6-185.1c31.36-30.17 33.95-80 5.812-113.4c-14.91-17.69-35.86-28.12-58.97-29.38C127.4 95.83 105.3 103.9 88.53 119.9L53.52 151.7c-13.08 11.91-33.33 10.89-45.2-2.172C-3.563 136.5-2.594 116.2 10.48 104.3l34.45-31.3c28.67-27.34 68.39-42.11 108.9-39.88c40.33 2.188 78.39 21.16 104.4 52.03c49.8 59.05 45.2 147.3-10.45 200.8l-136 130H288C305.7 416 320 430.3 320 448z\"><\/path><\/svg><\/span><span class=\"uagb-icon-list__label\">Kaizen: folyamatos fejl\u0151d\u00e9s<\/span><\/div>\n<\/div><\/div>\n<\/div>\n\n\n\n<div style=\"height:100px\" aria-hidden=\"true\" class=\"wp-block-spacer\"><\/div>\n\n\n\n<div class=\"wp-block-uagb-advanced-heading uagb-block-8c94f1d2\"><h2 class=\"uagb-heading-text\">T\u00f6bb mint 25 \u00e9ve a glob\u00e1lis gy\u00e1rt\u00e1s t\u00f6retlen t\u00e1mogat\u00f3ja<\/h2><\/div>\n\n\n\n<div style=\"height:100px\" aria-hidden=\"true\" class=\"wp-block-spacer\"><\/div>\n\n\n\n<div class=\"wp-block-uagb-container uagb-block-3cd6f5b8 alignfull uagb-is-root-container\"><\/div>\n\n\n\n<div style=\"height:0px\" aria-hidden=\"true\" class=\"wp-block-spacer\"><\/div>\n\n\n\n<div style=\"height:100px\" aria-hidden=\"true\" class=\"wp-block-spacer\"><\/div>\n\n\n\n<div class=\"wp-block-uagb-container uagb-block-2658a530 alignfull uagb-is-root-container\"><div class=\"uagb-container-inner-blocks-wrap\">\n<div class=\"wp-block-uagb-container uagb-block-51af8b82\">\n<div class=\"wp-block-uagb-info-box uagb-block-f5073bc7 uagb-infobox__content-wrap  uagb-infobox-icon-above-title uagb-infobox-image-valign-top\"><div class=\"uagb-ifb-content\"><div class=\"uagb-ifb-image-content\"><img decoding=\"async\" src=\"https:\/\/meiji-uk.com\/wp-content\/uploads\/2024\/12\/pexels-pixabay-73833-AMqbRaxaoqHa6M7j.avif\" alt=\"Meiji UK\" width=\"300\" height=\"228\" loading=\"lazy\"\/><\/div><div class=\"uagb-ifb-title-wrap\"><h4 class=\"uagb-ifb-title\">  <\/h4><\/div><div class=\"uagb-ifb-button-wrapper wp-block-button\"><a href=\"\/hu\/manufacturers-list\/\" class=\"uagb-infobox-cta-link wp-block-button__link\" target=\"_self\" rel=\"noopener noreferrer\" onclick=\"return true;\"><span class=\"uagb-inline-editing\">Gy\u00e1rt\u00f3k<\/span><\/a><\/div><\/div><\/div>\n\n\n\n<div class=\"wp-block-uagb-info-box uagb-block-8366a9c1 uagb-infobox__content-wrap  uagb-infobox-icon-above-title uagb-infobox-image-valign-top\"><div class=\"uagb-ifb-content\"><div class=\"uagb-ifb-image-content\"><img decoding=\"async\" src=\"https:\/\/meiji-uk.com\/wp-content\/uploads\/2024\/12\/pexels-canmiless-5860937-mxBZPjr5qkf32PEe.avif\" alt=\"Meiji UK\" width=\"300\" height=\"228\" loading=\"lazy\"\/><\/div><div class=\"uagb-ifb-title-wrap\"><\/div><div class=\"uagb-ifb-button-wrapper wp-block-button\"><a href=\"\/hu\/products\/\" class=\"uagb-infobox-cta-link wp-block-button__link\" target=\"_self\" rel=\"noopener noreferrer\" onclick=\"return true;\"><span class=\"uagb-inline-editing\">Term\u00e9kek<\/span><\/a><\/div><\/div><\/div>\n\n\n\n<div class=\"wp-block-uagb-info-box uagb-block-f9a76582 uagb-infobox__content-wrap  uagb-infobox-icon-above-title uagb-infobox-image-valign-top\"><div class=\"uagb-ifb-content\"><div class=\"uagb-ifb-image-content\"><img decoding=\"async\" src=\"https:\/\/meiji-uk.com\/wp-content\/uploads\/2024\/12\/Meiji-UK-1.png\" alt=\"Meiji UK\" width=\"500\" height=\"291\" loading=\"lazy\"\/><\/div><div class=\"uagb-ifb-title-wrap\"><\/div><div class=\"uagb-ifb-button-wrapper wp-block-button\"><a href=\"\/hu\/contact\/\" class=\"uagb-infobox-cta-link wp-block-button__link\" target=\"_self\" rel=\"noopener noreferrer\" onclick=\"return true;\"><span class=\"uagb-inline-editing\">EL\u00c9RHET\u0150S\u00c9G<\/span><\/a><\/div><\/div><\/div>\n<\/div>\n<\/div><\/div>\n","protected":false},"excerpt":{"rendered":"<p>MEIJI UKA megold\u00e1s Szolg\u00e1ltat\u00e1saink: MRO alkatr\u00e9sz besz\u00e1ll\u00edt\u00e1s Tervez\u00e9s \u00e9s Gy\u00e1rt\u00e1s Kaizen \u00e9s fenntarthat\u00f3s\u00e1g T\u00f6bb mint 25 \u00e9ve a glob\u00e1lis gy\u00e1rt\u00e1s t\u00f6retlen t\u00e1mogat\u00f3ja<\/p>\n","protected":false},"author":1,"featured_media":0,"parent":0,"menu_order":0,"comment_status":"closed","ping_status":"closed","template":"","meta":{"_uag_custom_page_level_css":"","site-sidebar-layout":"no-sidebar","site-content-layout":"plain-container","ast-site-content-layout":"normal-width-container","site-content-style":"unboxed","site-sidebar-style":"unboxed","ast-global-header-display":"","ast-banner-title-visibility":"","ast-main-header-display":"","ast-hfb-above-header-display":"","ast-hfb-below-header-display":"","ast-hfb-mobile-header-display":"","site-post-title":"disabled","ast-breadcrumbs-content":"","ast-featured-img":"disabled","footer-sml-layout":"","ast-disable-related-posts":"","theme-transparent-header-meta":"enabled","adv-header-id-meta":"","stick-header-meta":"","header-above-stick-meta":"","header-main-stick-meta":"","header-below-stick-meta":"","astra-migrate-meta-layouts":"set","ast-page-background-enabled":"default","ast-page-background-meta":{"desktop":{"background-color":"","background-image":"","background-repeat":"repeat","background-position":"center center","background-size":"auto","background-attachment":"scroll","background-type":"","background-media":"","overlay-type":"","overlay-color":"","overlay-opacity":"","overlay-gradient":""},"tablet":{"background-color":"","background-image":"","background-repeat":"repeat","background-position":"center center","background-size":"auto","background-attachment":"scroll","background-type":"","background-media":"","overlay-type":"","overlay-color":"","overlay-opacity":"","overlay-gradient":""},"mobile":{"background-color":"","background-image":"","background-repeat":"repeat","background-position":"center center","background-size":"auto","background-attachment":"scroll","background-type":"","background-media":"","overlay-type":"","overlay-color":"","overlay-opacity":"","overlay-gradient":""}},"ast-content-background-meta":{"desktop":{"background-color":"var(--ast-global-color-5)","background-image":"","background-repeat":"repeat","background-position":"center center","background-size":"auto","background-attachment":"scroll","background-type":"","background-media":"","overlay-type":"","overlay-color":"","overlay-opacity":"","overlay-gradient":""},"tablet":{"background-color":"var(--ast-global-color-5)","background-image":"","background-repeat":"repeat","background-position":"center center","background-size":"auto","background-attachment":"scroll","background-type":"","background-media":"","overlay-type":"","overlay-color":"","overlay-opacity":"","overlay-gradient":""},"mobile":{"background-color":"var(--ast-global-color-5)","background-image":"","background-repeat":"repeat","background-position":"center center","background-size":"auto","background-attachment":"scroll","background-type":"","background-media":"","overlay-type":"","overlay-color":"","overlay-opacity":"","overlay-gradient":""}},"footnotes":""},"class_list":["post-494","page","type-page","status-publish","hentry"],"yoast_head":"<!-- This site is optimized with the Yoast SEO plugin v26.8 - https:\/\/yoast.com\/product\/yoast-seo-wordpress\/ -->\n<title>MEIJI UK LTD. | MEIJI UK A Megold\u00e1s<\/title>\n<meta name=\"description\" content=\"A Meiji UK Ltd. 3,000+ gy\u00e1rt\u00f3 ipari term\u00e9keinek besz\u00e1ll\u00edt\u00f3ja. T\u00f6bb mint 25 \u00e9ve a Jap\u00e1n gy\u00e1rt\u00e1s t\u00f6retlen t\u00e1mogat\u00f3ja. MRO alkatr\u00e9szek besz\u00e1ll...\" \/>\n<meta name=\"robots\" content=\"index, follow, max-snippet:-1, max-image-preview:large, max-video-preview:-1\" \/>\n<link rel=\"canonical\" href=\"https:\/\/meiji-uk.com\/hu\/\" \/>\n<meta property=\"og:locale\" content=\"hu_HU\" \/>\n<meta property=\"og:locale:alternate\" content=\"en_UK\" \/>\n<meta property=\"og:locale:alternate\" content=\"ja-JP\" \/>\n<meta property=\"og:type\" content=\"article\" \/>\n<meta property=\"og:title\" content=\"MEIJI UK LTD. | MEIJI UK A Megold\u00e1s\" \/>\n<meta property=\"og:description\" content=\"A Meiji UK Ltd. 3,000+ gy\u00e1rt\u00f3 ipari term\u00e9keinek besz\u00e1ll\u00edt\u00f3ja. T\u00f6bb mint 25 \u00e9ve a Jap\u00e1n gy\u00e1rt\u00e1s t\u00f6retlen t\u00e1mogat\u00f3ja. MRO alkatr\u00e9szek besz\u00e1ll...\" \/>\n<meta property=\"og:url\" content=\"https:\/\/meiji-uk.com\/hu\/\" \/>\n<meta property=\"og:site_name\" content=\"meiji-uk-com\" \/>\n<meta property=\"article:modified_time\" content=\"2025-05-21T10:22:00+00:00\" \/>\n<meta property=\"og:image\" content=\"https:\/\/meiji-uk.com\/wp-content\/uploads\/2024\/12\/pexels-pixabay-73833-AMqbRaxaoqHa6M7j.avif\" \/>\n<meta name=\"twitter:card\" content=\"summary_large_image\" \/>\n<meta name=\"twitter:label1\" content=\"Becs\u00fclt olvas\u00e1si id\u0151\" \/>\n\t<meta name=\"twitter:data1\" content=\"1 perc\" \/>\n<script type=\"application\/ld+json\" class=\"yoast-schema-graph\">{\"@context\":\"https:\/\/schema.org\",\"@graph\":[{\"@type\":\"WebPage\",\"@id\":\"https:\/\/meiji-uk.com\/ja\/\",\"url\":\"https:\/\/meiji-uk.com\/ja\/\",\"name\":\"MEIJI UK LTD. | MEIJI UK A Megold\u00e1s\",\"isPartOf\":{\"@id\":\"https:\/\/meiji-uk.com\/#website\"},\"primaryImageOfPage\":{\"@id\":\"https:\/\/meiji-uk.com\/ja\/#primaryimage\"},\"image\":{\"@id\":\"https:\/\/meiji-uk.com\/ja\/#primaryimage\"},\"thumbnailUrl\":\"https:\/\/meiji-uk.com\/wp-content\/uploads\/2024\/12\/pexels-pixabay-73833-AMqbRaxaoqHa6M7j.avif\",\"datePublished\":\"2024-12-09T13:32:51+00:00\",\"dateModified\":\"2025-05-21T10:22:00+00:00\",\"description\":\"A Meiji UK Ltd. 3,000+ gy\u00e1rt\u00f3 ipari term\u00e9keinek besz\u00e1ll\u00edt\u00f3ja. T\u00f6bb mint 25 \u00e9ve a Jap\u00e1n gy\u00e1rt\u00e1s t\u00f6retlen t\u00e1mogat\u00f3ja. MRO alkatr\u00e9szek besz\u00e1ll...\",\"breadcrumb\":{\"@id\":\"https:\/\/meiji-uk.com\/ja\/#breadcrumb\"},\"inLanguage\":\"hu-HU\",\"potentialAction\":[{\"@type\":\"ReadAction\",\"target\":[\"https:\/\/meiji-uk.com\/ja\/\"]}]},{\"@type\":\"ImageObject\",\"inLanguage\":\"hu-HU\",\"@id\":\"https:\/\/meiji-uk.com\/ja\/#primaryimage\",\"url\":\"https:\/\/meiji-uk.com\/wp-content\/uploads\/2024\/12\/pexels-pixabay-73833-AMqbRaxaoqHa6M7j.avif\",\"contentUrl\":\"https:\/\/meiji-uk.com\/wp-content\/uploads\/2024\/12\/pexels-pixabay-73833-AMqbRaxaoqHa6M7j.avif\"},{\"@type\":\"BreadcrumbList\",\"@id\":\"https:\/\/meiji-uk.com\/ja\/#breadcrumb\",\"itemListElement\":[{\"@type\":\"ListItem\",\"position\":1,\"name\":\"Home\",\"item\":\"https:\/\/meiji-uk.com\/ja\/\"},{\"@type\":\"ListItem\",\"position\":2,\"name\":\"Home\"}]},{\"@type\":\"WebSite\",\"@id\":\"https:\/\/meiji-uk.com\/#website\",\"url\":\"https:\/\/meiji-uk.com\/\",\"name\":\"Meiji UK\",\"description\":\"Solution with MEIJI UK\",\"publisher\":{\"@id\":\"https:\/\/meiji-uk.com\/#organization\"},\"alternateName\":\"Meiji\",\"potentialAction\":[{\"@type\":\"SearchAction\",\"target\":{\"@type\":\"EntryPoint\",\"urlTemplate\":\"https:\/\/meiji-uk.com\/?s={search_term_string}\"},\"query-input\":{\"@type\":\"PropertyValueSpecification\",\"valueRequired\":true,\"valueName\":\"search_term_string\"}}],\"inLanguage\":\"hu-HU\"},{\"@type\":\"Organization\",\"@id\":\"https:\/\/meiji-uk.com\/#organization\",\"name\":\"Meiji UK Ltd.\",\"url\":\"https:\/\/meiji-uk.com\/\",\"logo\":{\"@type\":\"ImageObject\",\"inLanguage\":\"hu-HU\",\"@id\":\"https:\/\/meiji-uk.com\/#\/schema\/logo\/image\/\",\"url\":\"https:\/\/meiji-uk.com\/wp-content\/uploads\/2024\/12\/cropped-meiji-logo-A85wXOpW7aCD7lkR-1.avif\",\"contentUrl\":\"https:\/\/meiji-uk.com\/wp-content\/uploads\/2024\/12\/cropped-meiji-logo-A85wXOpW7aCD7lkR-1.avif\",\"width\":512,\"height\":512,\"caption\":\"Meiji UK Ltd.\"},\"image\":{\"@id\":\"https:\/\/meiji-uk.com\/#\/schema\/logo\/image\/\"}}]}<\/script>\n<!-- \/ Yoast SEO plugin. -->","yoast_head_json":{"title":"MEIJI UK LTD. | MEIJI UK A Megold\u00e1s","description":"A Meiji UK Ltd. 3,000+ gy\u00e1rt\u00f3 ipari term\u00e9keinek besz\u00e1ll\u00edt\u00f3ja. T\u00f6bb mint 25 \u00e9ve a Jap\u00e1n gy\u00e1rt\u00e1s t\u00f6retlen t\u00e1mogat\u00f3ja. MRO alkatr\u00e9szek besz\u00e1ll...","robots":{"index":"index","follow":"follow","max-snippet":"max-snippet:-1","max-image-preview":"max-image-preview:large","max-video-preview":"max-video-preview:-1"},"canonical":"https:\/\/meiji-uk.com\/hu\/","og_locale":"hu_HU","og_type":"article","og_title":"[:en]MEIJI UK LTD. | Solution With MEIJI UK[:hu]MEIJI UK LTD. | MEIJI UK A Megold\u00e1s[:ja]MEIJI UK LTD. | \u4e16\u754c\u306e\u300c\u3082\u306e\u3065\u304f\u308a\u300d\u3092\u5f37\u304f\u3059\u308b[:]","og_description":"[:en]Meiji UK Ltd. is a supplier of industrial products from 3,000+ manufacturers. Over 25 Years of continuous support for Japanese manufacturing..[:hu]A Meiji UK Ltd. 3,000+ gy\u00e1rt\u00f3 ipari term\u00e9keinek besz\u00e1ll\u00edt\u00f3ja. T\u00f6bb mint 25 \u00e9ve a Jap\u00e1n gy\u00e1rt\u00e1s t\u00f6retlen t\u00e1mogat\u00f3ja. MRO alkatr\u00e9szek besz\u00e1ll...[:ja]\u7d043,000\u793e\u306e\u4ed5\u5165\u308c\u5148\u69d8\u304b\u3089\u591a\u5f69\u306a\u6709\u529b\u5546\u54c1\u3092\u4f9b\u7d66\u3057\u307e\u3059\u3002\u65e5\u672c\u306e\u300c\u3082\u306e\u3065\u304f\u308a\u300d\u3092\u652f\u3048\u7d9a\u3051\u306625\u5e74\u3002MRO\u30d1\u30fc\u30c4\u306b\u304a\u3051\u308b\u6700\u9069\u8abf\u9054 \u3002\u30ab\u30b9\u30bf\u30de\u30a4\u30ba\u306b\u5bfe\u5fdc\u53ef\u80fd\u306a\u81ea\u793e\u5de5\u5834\u3092\u4fdd\u6709\u3002\u30ab\u30a4\u30bc\u30f3\u306b\u95a2\u308f\u308b\u30e6\u30cb\u30fc\u30af\u88fd\u54c1\u306e\u63d0\u6848\u4e26\u3073\u306bSDGs\u306e\u9054\u6210\u3002[:]","og_url":"https:\/\/meiji-uk.com\/hu\/","og_site_name":"meiji-uk-com","article_modified_time":"2025-05-21T10:22:00+00:00","og_image":[{"url":"https:\/\/meiji-uk.com\/wp-content\/uploads\/2024\/12\/pexels-pixabay-73833-AMqbRaxaoqHa6M7j.avif","type":"","width":"","height":""}],"twitter_card":"summary_large_image","twitter_misc":{"Becs\u00fclt olvas\u00e1si id\u0151":"1 perc"},"schema":{"@context":"https:\/\/schema.org","@graph":[{"@type":"WebPage","@id":"https:\/\/meiji-uk.com\/ja\/","url":"https:\/\/meiji-uk.com\/ja\/","name":"MEIJI UK LTD. | MEIJI UK A Megold\u00e1s","isPartOf":{"@id":"https:\/\/meiji-uk.com\/#website"},"primaryImageOfPage":{"@id":"https:\/\/meiji-uk.com\/ja\/#primaryimage"},"image":{"@id":"https:\/\/meiji-uk.com\/ja\/#primaryimage"},"thumbnailUrl":"https:\/\/meiji-uk.com\/wp-content\/uploads\/2024\/12\/pexels-pixabay-73833-AMqbRaxaoqHa6M7j.avif","datePublished":"2024-12-09T13:32:51+00:00","dateModified":"2025-05-21T10:22:00+00:00","description":"A Meiji UK Ltd. 3,000+ gy\u00e1rt\u00f3 ipari term\u00e9keinek besz\u00e1ll\u00edt\u00f3ja. T\u00f6bb mint 25 \u00e9ve a Jap\u00e1n gy\u00e1rt\u00e1s t\u00f6retlen t\u00e1mogat\u00f3ja. MRO alkatr\u00e9szek besz\u00e1ll...","breadcrumb":{"@id":"https:\/\/meiji-uk.com\/ja\/#breadcrumb"},"inLanguage":"hu-HU","potentialAction":[{"@type":"ReadAction","target":["https:\/\/meiji-uk.com\/ja\/"]}]},{"@type":"ImageObject","inLanguage":"hu-HU","@id":"https:\/\/meiji-uk.com\/ja\/#primaryimage","url":"https:\/\/meiji-uk.com\/wp-content\/uploads\/2024\/12\/pexels-pixabay-73833-AMqbRaxaoqHa6M7j.avif","contentUrl":"https:\/\/meiji-uk.com\/wp-content\/uploads\/2024\/12\/pexels-pixabay-73833-AMqbRaxaoqHa6M7j.avif"},{"@type":"BreadcrumbList","@id":"https:\/\/meiji-uk.com\/ja\/#breadcrumb","itemListElement":[{"@type":"ListItem","position":1,"name":"Home","item":"https:\/\/meiji-uk.com\/ja\/"},{"@type":"ListItem","position":2,"name":"Home"}]},{"@type":"WebSite","@id":"https:\/\/meiji-uk.com\/#website","url":"https:\/\/meiji-uk.com\/","name":"Meiji UK","description":"Solution with MEIJI UK","publisher":{"@id":"https:\/\/meiji-uk.com\/#organization"},"alternateName":"Meiji","potentialAction":[{"@type":"SearchAction","target":{"@type":"EntryPoint","urlTemplate":"https:\/\/meiji-uk.com\/?s={search_term_string}"},"query-input":{"@type":"PropertyValueSpecification","valueRequired":true,"valueName":"search_term_string"}}],"inLanguage":"hu-HU"},{"@type":"Organization","@id":"https:\/\/meiji-uk.com\/#organization","name":"Meiji UK Ltd.","url":"https:\/\/meiji-uk.com\/","logo":{"@type":"ImageObject","inLanguage":"hu-HU","@id":"https:\/\/meiji-uk.com\/#\/schema\/logo\/image\/","url":"https:\/\/meiji-uk.com\/wp-content\/uploads\/2024\/12\/cropped-meiji-logo-A85wXOpW7aCD7lkR-1.avif","contentUrl":"https:\/\/meiji-uk.com\/wp-content\/uploads\/2024\/12\/cropped-meiji-logo-A85wXOpW7aCD7lkR-1.avif","width":512,"height":512,"caption":"Meiji UK Ltd."},"image":{"@id":"https:\/\/meiji-uk.com\/#\/schema\/logo\/image\/"}}]}},"uagb_featured_image_src":{"full":false,"thumbnail":false,"medium":false,"medium_large":false,"large":false,"1536x1536":false,"2048x2048":false},"uagb_author_info":{"display_name":"Meiji UK","author_link":"https:\/\/meiji-uk.com\/hu\/author\/noelx213gmail-com\/"},"uagb_comment_info":0,"uagb_excerpt":"MEIJI UKA megold\u00e1s Szolg\u00e1ltat\u00e1saink: MRO alkatr\u00e9sz besz\u00e1ll\u00edt\u00e1s Tervez\u00e9s \u00e9s Gy\u00e1rt\u00e1s Kaizen \u00e9s fenntarthat\u00f3s\u00e1g T\u00f6bb mint 25 \u00e9ve a glob\u00e1lis gy\u00e1rt\u00e1s t\u00f6retlen t\u00e1mogat\u00f3ja","_links":{"self":[{"href":"https:\/\/meiji-uk.com\/hu\/wp-json\/wp\/v2\/pages\/494","targetHints":{"allow":["GET"]}}],"collection":[{"href":"https:\/\/meiji-uk.com\/hu\/wp-json\/wp\/v2\/pages"}],"about":[{"href":"https:\/\/meiji-uk.com\/hu\/wp-json\/wp\/v2\/types\/page"}],"author":[{"embeddable":true,"href":"https:\/\/meiji-uk.com\/hu\/wp-json\/wp\/v2\/users\/1"}],"replies":[{"embeddable":true,"href":"https:\/\/meiji-uk.com\/hu\/wp-json\/wp\/v2\/comments?post=494"}],"version-history":[{"count":398,"href":"https:\/\/meiji-uk.com\/hu\/wp-json\/wp\/v2\/pages\/494\/revisions"}],"predecessor-version":[{"id":2344,"href":"https:\/\/meiji-uk.com\/hu\/wp-json\/wp\/v2\/pages\/494\/revisions\/2344"}],"wp:attachment":[{"href":"https:\/\/meiji-uk.com\/hu\/wp-json\/wp\/v2\/media?parent=494"}],"curies":[{"name":"wp","href":"https:\/\/api.w.org\/{rel}","templated":true}]}}