{"id":494,"date":"2024-12-09T13:32:51","date_gmt":"2024-12-09T13:32:51","guid":{"rendered":"https:\/\/meiji-uk.com\/home\/"},"modified":"2025-05-21T10:22:00","modified_gmt":"2025-05-21T10:22:00","slug":"home","status":"publish","type":"page","link":"https:\/\/meiji-uk.com\/ja\/","title":{"rendered":"Home"},"content":{"rendered":"\n<div class=\"wp-block-uagb-container uagb-block-b4bdb975 alignfull uagb-is-root-container\"><div class=\"uagb-container__video-wrap\"><video autoplay loop muted playsinline><source src=\"https:\/\/meiji-uk.com\/wp-content\/uploads\/2024\/12\/6450803-hd_1920_1080_25fps.mp4\" type=\"video\/mp4\"\/><\/video><\/div>\n<div class=\"wp-block-uagb-info-box uagb-block-3b7e0e21 uagb-infobox__content-wrap  uagb-infobox-icon-above-title uagb-infobox-image-valign-top\"><div class=\"uagb-ifb-content\"><div class=\"uagb-ifb-title-wrap\"><h1 class=\"uagb-ifb-title\">\u4e16\u754c\u306e\u300c\u3082\u306e\u3065\u304f\u308a\u300d\u3092\u5f37\u304f\u3059\u308b\u200b<\/h1><\/div><p class=\"uagb-ifb-desc\"><strong>\u7d043,000\u793e\u306e\u4ed5\u5165\u308c\u5148\u69d8\u304b\u3089\u591a\u5f69\u306a\u6709\u529b\u5546\u54c1\u3092\u4f9b\u7d66\u3057\u307e\u3059\u3002<\/strong><\/p><div class=\"uagb-ifb-button-wrapper wp-block-button\"><a href=\"\/ja\/contact\/\" class=\"uagb-infobox-cta-link wp-block-button__link\" target=\"_self\" rel=\"noopener noreferrer\" onclick=\"return true;\"><span class=\"uagb-inline-editing\">\u304a\u554f\u3044\u5408\u308f\u305b<\/span><\/a><\/div><\/div><\/div>\n\n\n\n<div style=\"height:100px\" aria-hidden=\"true\" class=\"wp-block-spacer\"><\/div>\n\n\n\n<div class=\"wp-block-uagb-advanced-heading uagb-block-29dc1a7b\"><h2 class=\"uagb-heading-text\">Meiji UK\u306e\u5f37\u307f<\/h2><\/div>\n\n\n\n<div style=\"height:60px\" aria-hidden=\"true\" class=\"wp-block-spacer\"><\/div>\n\n\n\n<div class=\"wp-block-uagb-advanced-heading uagb-block-357b7ac6\"><h2 class=\"uagb-heading-text\">MRO\u30d1\u30fc\u30c4\u306b\u304a\u3051\u308b\u6700\u9069\u8abf\u9054<\/h2><\/div>\n\n\n\n<div style=\"height:30px\" aria-hidden=\"true\" class=\"wp-block-spacer\"><\/div>\n\n\n\n<div class=\"wp-block-uagb-advanced-heading uagb-block-212ffb82\"><h2 class=\"uagb-heading-text\">\u30ab\u30b9\u30bf\u30de\u30a4\u30ba\u306b\u5bfe\u5fdc\u53ef\u80fd\u306a\u81ea\u793e\u5de5\u5834\u3092\u4fdd\u6709<\/h2><\/div>\n\n\n\n<div style=\"height:30px\" aria-hidden=\"true\" class=\"wp-block-spacer\"><\/div>\n\n\n\n<div class=\"wp-block-uagb-advanced-heading uagb-block-58fb8092\"><h2 class=\"uagb-heading-text\">\u30ab\u30a4\u30bc\u30f3\u306b\u95a2\u308f\u308b\u30e6\u30cb\u30fc\u30af\u88fd\u54c1\u306e\u63d0\u6848\u4e26\u3073\u306bSDGs\u306e\u9054\u6210<\/h2><\/div>\n\n\n\n<div style=\"height:30px\" aria-hidden=\"true\" class=\"wp-block-spacer\"><\/div>\n\n\n\n<div class=\"wp-block-uagb-icon-list uagb-block-40615f4b\"><div class=\"uagb-icon-list__wrap\">\n<div class=\"wp-block-uagb-icon-list-child uagb-block-266ae10f\"><span class=\"uagb-icon-list__source-wrap\"><svg xmlns=\"https:\/\/www.w3.org\/2000\/svg\" viewBox=\"0 0 256 512\"><path d=\"M256 448c0 17.67-14.33 32-32 32H32c-17.67 0-32-14.33-32-32s14.33-32 32-32h64V123.8L49.75 154.6C35.02 164.5 15.19 160.4 5.375 145.8C-4.422 131.1-.4531 111.2 14.25 101.4l96-64c9.828-6.547 22.45-7.187 32.84-1.594C153.5 41.37 160 52.22 160 64.01v352h64C241.7 416 256 430.3 256 448z\"><\/path><\/svg><\/span><span class=\"uagb-icon-list__label\">MRO :\u00a0\u30e1\u30f3\u30c6\u30ca\u30f3\u30b9\u3001\u4fee\u7406\u3001\u30aa\u30fc\u30d0\u30fc\u30db\u30fc\u30eb<\/span><\/div>\n\n\n\n<div class=\"wp-block-uagb-icon-list-child uagb-block-ddd3513d\"><span class=\"uagb-icon-list__source-wrap\"><svg xmlns=\"https:\/\/www.w3.org\/2000\/svg\" viewBox=\"0 0 320 512\"><path d=\"M320 448c0 17.67-14.33 32-32 32H32c-13.08 0-24.83-7.953-29.7-20.09c-4.859-12.12-1.859-26 7.594-35.03l193.6-185.1c31.36-30.17 33.95-80 5.812-113.4c-14.91-17.69-35.86-28.12-58.97-29.38C127.4 95.83 105.3 103.9 88.53 119.9L53.52 151.7c-13.08 11.91-33.33 10.89-45.2-2.172C-3.563 136.5-2.594 116.2 10.48 104.3l34.45-31.3c28.67-27.34 68.39-42.11 108.9-39.88c40.33 2.188 78.39 21.16 104.4 52.03c49.8 59.05 45.2 147.3-10.45 200.8l-136 130H288C305.7 416 320 430.3 320 448z\"><\/path><\/svg><\/span><span class=\"uagb-icon-list__label\">\u30ab\u30a4\u30bc\u30f3\uff1a\u4f5c\u696d\u52b9\u7387\u3084\u5b89\u5168\u6027\u306e\u5411\u4e0a\u6d3b\u52d5<\/span><\/div>\n\n\n\n<div class=\"wp-block-uagb-icon-list-child uagb-block-8eb26312\"><span class=\"uagb-icon-list__source-wrap\"><svg xmlns=\"https:\/\/www.w3.org\/2000\/svg\" viewBox=\"0 0 320 512\"><path d=\"M320 344c0 74.98-61.02 136-136 136H103.6c-46.34 0-87.31-29.53-101.1-73.48c-5.594-16.77 3.484-34.88 20.25-40.47c16.75-5.609 34.89 3.484 40.47 20.25c5.922 17.77 22.48 29.7 41.23 29.7H184c39.7 0 72-32.3 72-72s-32.3-72-72-72H80c-13.2 0-25.05-8.094-29.83-20.41C45.39 239.3 48.66 225.3 58.38 216.4l131.4-120.4H32c-17.67 0-32-14.33-32-32s14.33-32 32-32h240c13.2 0 25.05 8.094 29.83 20.41c4.781 12.3 1.516 26.27-8.203 35.19l-131.4 120.4H184C258.1 208 320 269 320 344z\"><\/path><\/svg><\/span><span class=\"uagb-icon-list__label\">SDG\uff53\uff1a\u6301\u7d9a\u53ef\u80fd\u306a\u958b\u767a\u76ee\u6a19<\/span><\/div>\n<\/div><\/div>\n<\/div>\n\n\n\n<div style=\"height:100px\" aria-hidden=\"true\" class=\"wp-block-spacer\"><\/div>\n\n\n\n<div class=\"wp-block-uagb-advanced-heading uagb-block-8f74446a\"><h2 class=\"uagb-heading-text\">\u4e16\u754c\u306e\u300c\u3082\u306e\u3065\u304f\u308a\u300d\u3092<br>\u652f\u3048\u7d9a\u3051\u306625\u5e74<\/h2><\/div>\n\n\n\n<div style=\"height:100px\" aria-hidden=\"true\" class=\"wp-block-spacer\"><\/div>\n\n\n\n<div class=\"wp-block-uagb-container uagb-block-d3113b0c alignfull uagb-is-root-container\"><\/div>\n\n\n\n<div class=\"wp-block-uagb-container uagb-block-2658a530 alignfull uagb-is-root-container\"><div class=\"uagb-container-inner-blocks-wrap\">\n<div class=\"wp-block-uagb-container uagb-block-db32554b\">\n<div class=\"wp-block-uagb-info-box uagb-block-f90ecba9 uagb-infobox__content-wrap  uagb-infobox-icon-above-title uagb-infobox-image-valign-top\"><div class=\"uagb-ifb-content\"><div class=\"uagb-ifb-image-content\"><img decoding=\"async\" src=\"https:\/\/meiji-uk.com\/wp-content\/uploads\/2024\/12\/pexels-pixabay-73833-AMqbRaxaoqHa6M7j.avif\" alt=\"\" width=\"300\" height=\"228\" loading=\"lazy\"\/><\/div><div class=\"uagb-ifb-title-wrap\"><\/div><div class=\"uagb-ifb-button-wrapper wp-block-button\"><a href=\"\/ja\/manufacturers-list\/\" class=\"uagb-infobox-cta-link wp-block-button__link\" target=\"_self\" rel=\"noopener noreferrer\" onclick=\"return true;\"><span class=\"uagb-inline-editing\">\u53d6\u6271\u30e1\u30fc\u30ab\u30fc<\/span><\/a><\/div><\/div><\/div>\n\n\n\n<div class=\"wp-block-uagb-info-box uagb-block-fb5d5f66 uagb-infobox__content-wrap  uagb-infobox-icon-above-title uagb-infobox-image-valign-top\"><div class=\"uagb-ifb-content\"><div class=\"uagb-ifb-image-content\"><img decoding=\"async\" src=\"https:\/\/meiji-uk.com\/wp-content\/uploads\/2024\/12\/pexels-canmiless-5860937-mxBZPjr5qkf32PEe.avif\" alt=\"\" width=\"300\" height=\"228\" loading=\"lazy\"\/><\/div><div class=\"uagb-ifb-title-wrap\"><\/div><div class=\"uagb-ifb-button-wrapper wp-block-button\"><a href=\"\/ja\/products\/\" class=\"uagb-infobox-cta-link wp-block-button__link\" target=\"_self\" rel=\"noopener noreferrer\" onclick=\"return true;\"><span class=\"uagb-inline-editing\">\u88fd\u54c1\u4e00\u89a7<\/span><\/a><\/div><\/div><\/div>\n\n\n\n<div class=\"wp-block-uagb-info-box uagb-block-dd04597f uagb-infobox__content-wrap  uagb-infobox-icon-above-title uagb-infobox-image-valign-top\"><div class=\"uagb-ifb-content\"><div class=\"uagb-ifb-image-content\"><img decoding=\"async\" src=\"https:\/\/meiji-uk.com\/wp-content\/uploads\/2024\/12\/Meiji-UK.png\" alt=\"\" width=\"500\" height=\"291\" loading=\"lazy\"\/><\/div><div class=\"uagb-ifb-title-wrap\"><\/div><div class=\"uagb-ifb-button-wrapper wp-block-button\"><a href=\"\/ja\/contact\/\" class=\"uagb-infobox-cta-link wp-block-button__link\" target=\"_self\" rel=\"noopener noreferrer\" onclick=\"return true;\"><span class=\"uagb-inline-editing\">\u304a\u554f\u3044\u5408\u308f\u305b<\/span><\/a><\/div><\/div><\/div>\n<\/div>\n<\/div><\/div>\n","protected":false},"excerpt":{"rendered":"<p>Meiji UK\u306e\u5f37\u307f MRO\u30d1\u30fc\u30c4\u306b\u304a\u3051\u308b\u6700\u9069\u8abf\u9054 \u30ab\u30b9\u30bf\u30de\u30a4\u30ba\u306b\u5bfe\u5fdc\u53ef\u80fd\u306a\u81ea\u793e\u5de5\u5834\u3092\u4fdd\u6709 \u30ab\u30a4\u30bc\u30f3\u306b\u95a2\u308f\u308b\u30e6\u30cb\u30fc\u30af\u88fd\u54c1\u306e\u63d0\u6848\u4e26\u3073\u306bSDGs\u306e\u9054\u6210 \u4e16\u754c\u306e\u300c\u3082\u306e\u3065\u304f\u308a\u300d\u3092\u652f\u3048\u7d9a\u3051\u306625\u5e74<\/p>\n","protected":false},"author":1,"featured_media":0,"parent":0,"menu_order":0,"comment_status":"closed","ping_status":"closed","template":"","meta":{"_uag_custom_page_level_css":"","site-sidebar-layout":"no-sidebar","site-content-layout":"plain-container","ast-site-content-layout":"normal-width-container","site-content-style":"unboxed","site-sidebar-style":"unboxed","ast-global-header-display":"","ast-banner-title-visibility":"","ast-main-header-display":"","ast-hfb-above-header-display":"","ast-hfb-below-header-display":"","ast-hfb-mobile-header-display":"","site-post-title":"disabled","ast-breadcrumbs-content":"","ast-featured-img":"disabled","footer-sml-layout":"","ast-disable-related-posts":"","theme-transparent-header-meta":"enabled","adv-header-id-meta":"","stick-header-meta":"","header-above-stick-meta":"","header-main-stick-meta":"","header-below-stick-meta":"","astra-migrate-meta-layouts":"set","ast-page-background-enabled":"default","ast-page-background-meta":{"desktop":{"background-color":"","background-image":"","background-repeat":"repeat","background-position":"center center","background-size":"auto","background-attachment":"scroll","background-type":"","background-media":"","overlay-type":"","overlay-color":"","overlay-opacity":"","overlay-gradient":""},"tablet":{"background-color":"","background-image":"","background-repeat":"repeat","background-position":"center center","background-size":"auto","background-attachment":"scroll","background-type":"","background-media":"","overlay-type":"","overlay-color":"","overlay-opacity":"","overlay-gradient":""},"mobile":{"background-color":"","background-image":"","background-repeat":"repeat","background-position":"center center","background-size":"auto","background-attachment":"scroll","background-type":"","background-media":"","overlay-type":"","overlay-color":"","overlay-opacity":"","overlay-gradient":""}},"ast-content-background-meta":{"desktop":{"background-color":"var(--ast-global-color-5)","background-image":"","background-repeat":"repeat","background-position":"center center","background-size":"auto","background-attachment":"scroll","background-type":"","background-media":"","overlay-type":"","overlay-color":"","overlay-opacity":"","overlay-gradient":""},"tablet":{"background-color":"var(--ast-global-color-5)","background-image":"","background-repeat":"repeat","background-position":"center center","background-size":"auto","background-attachment":"scroll","background-type":"","background-media":"","overlay-type":"","overlay-color":"","overlay-opacity":"","overlay-gradient":""},"mobile":{"background-color":"var(--ast-global-color-5)","background-image":"","background-repeat":"repeat","background-position":"center center","background-size":"auto","background-attachment":"scroll","background-type":"","background-media":"","overlay-type":"","overlay-color":"","overlay-opacity":"","overlay-gradient":""}},"footnotes":""},"class_list":["post-494","page","type-page","status-publish","hentry"],"yoast_head":"<!-- This site is optimized with the Yoast SEO plugin v27.4 - https:\/\/yoast.com\/product\/yoast-seo-wordpress\/ -->\n<title>MEIJI UK LTD. | \u4e16\u754c\u306e\u300c\u3082\u306e\u3065\u304f\u308a\u300d\u3092\u5f37\u304f\u3059\u308b<\/title>\n<meta name=\"description\" content=\"\u7d043,000\u793e\u306e\u4ed5\u5165\u308c\u5148\u69d8\u304b\u3089\u591a\u5f69\u306a\u6709\u529b\u5546\u54c1\u3092\u4f9b\u7d66\u3057\u307e\u3059\u3002\u65e5\u672c\u306e\u300c\u3082\u306e\u3065\u304f\u308a\u300d\u3092\u652f\u3048\u7d9a\u3051\u306625\u5e74\u3002MRO\u30d1\u30fc\u30c4\u306b\u304a\u3051\u308b\u6700\u9069\u8abf\u9054 \u3002\u30ab\u30b9\u30bf\u30de\u30a4\u30ba\u306b\u5bfe\u5fdc\u53ef\u80fd\u306a\u81ea\u793e\u5de5\u5834\u3092\u4fdd\u6709\u3002\u30ab\u30a4\u30bc\u30f3\u306b\u95a2\u308f\u308b\u30e6\u30cb\u30fc\u30af\u88fd\u54c1\u306e\u63d0\u6848\u4e26\u3073\u306bSDGs\u306e\u9054\u6210\u3002\" \/>\n<meta name=\"robots\" content=\"index, follow, max-snippet:-1, max-image-preview:large, max-video-preview:-1\" \/>\n<link rel=\"canonical\" href=\"https:\/\/meiji-uk.com\/ja\/\" \/>\n<meta property=\"og:locale\" content=\"ja_JP\" \/>\n<meta property=\"og:locale:alternate\" content=\"en_UK\" \/>\n<meta property=\"og:locale:alternate\" content=\"hu_HU\" \/>\n<meta property=\"og:type\" content=\"article\" \/>\n<meta property=\"og:title\" content=\"MEIJI UK LTD. | \u4e16\u754c\u306e\u300c\u3082\u306e\u3065\u304f\u308a\u300d\u3092\u5f37\u304f\u3059\u308b\" \/>\n<meta property=\"og:description\" content=\"\u7d043,000\u793e\u306e\u4ed5\u5165\u308c\u5148\u69d8\u304b\u3089\u591a\u5f69\u306a\u6709\u529b\u5546\u54c1\u3092\u4f9b\u7d66\u3057\u307e\u3059\u3002\u65e5\u672c\u306e\u300c\u3082\u306e\u3065\u304f\u308a\u300d\u3092\u652f\u3048\u7d9a\u3051\u306625\u5e74\u3002MRO\u30d1\u30fc\u30c4\u306b\u304a\u3051\u308b\u6700\u9069\u8abf\u9054 \u3002\u30ab\u30b9\u30bf\u30de\u30a4\u30ba\u306b\u5bfe\u5fdc\u53ef\u80fd\u306a\u81ea\u793e\u5de5\u5834\u3092\u4fdd\u6709\u3002\u30ab\u30a4\u30bc\u30f3\u306b\u95a2\u308f\u308b\u30e6\u30cb\u30fc\u30af\u88fd\u54c1\u306e\u63d0\u6848\u4e26\u3073\u306bSDGs\u306e\u9054\u6210\u3002\" \/>\n<meta property=\"og:url\" content=\"https:\/\/meiji-uk.com\/ja\/\" \/>\n<meta property=\"og:site_name\" content=\"meiji-uk-com\" \/>\n<meta property=\"article:modified_time\" content=\"2025-05-21T10:22:00+00:00\" \/>\n<meta property=\"og:image\" content=\"https:\/\/meiji-uk.com\/wp-content\/uploads\/2024\/12\/pexels-pixabay-73833-AMqbRaxaoqHa6M7j.avif\" \/>\n<meta name=\"twitter:card\" content=\"summary_large_image\" \/>\n<meta name=\"twitter:label1\" content=\"\u63a8\u5b9a\u8aad\u307f\u53d6\u308a\u6642\u9593\" \/>\n\t<meta name=\"twitter:data1\" content=\"1\u5206\" \/>\n<script type=\"application\/ld+json\" class=\"yoast-schema-graph\">{\"@context\":\"https:\\\/\\\/schema.org\",\"@graph\":[{\"@type\":\"WebPage\",\"@id\":\"https:\\\/\\\/meiji-uk.com\\\/ja\\\/\",\"url\":\"https:\\\/\\\/meiji-uk.com\\\/ja\\\/\",\"name\":\"MEIJI UK LTD. | \u4e16\u754c\u306e\u300c\u3082\u306e\u3065\u304f\u308a\u300d\u3092\u5f37\u304f\u3059\u308b\",\"isPartOf\":{\"@id\":\"https:\\\/\\\/meiji-uk.com\\\/#website\"},\"primaryImageOfPage\":{\"@id\":\"https:\\\/\\\/meiji-uk.com\\\/ja\\\/#primaryimage\"},\"image\":{\"@id\":\"https:\\\/\\\/meiji-uk.com\\\/ja\\\/#primaryimage\"},\"thumbnailUrl\":\"https:\\\/\\\/meiji-uk.com\\\/wp-content\\\/uploads\\\/2024\\\/12\\\/pexels-pixabay-73833-AMqbRaxaoqHa6M7j.avif\",\"datePublished\":\"2024-12-09T13:32:51+00:00\",\"dateModified\":\"2025-05-21T10:22:00+00:00\",\"description\":\"\u7d043,000\u793e\u306e\u4ed5\u5165\u308c\u5148\u69d8\u304b\u3089\u591a\u5f69\u306a\u6709\u529b\u5546\u54c1\u3092\u4f9b\u7d66\u3057\u307e\u3059\u3002\u65e5\u672c\u306e\u300c\u3082\u306e\u3065\u304f\u308a\u300d\u3092\u652f\u3048\u7d9a\u3051\u306625\u5e74\u3002MRO\u30d1\u30fc\u30c4\u306b\u304a\u3051\u308b\u6700\u9069\u8abf\u9054 \u3002\u30ab\u30b9\u30bf\u30de\u30a4\u30ba\u306b\u5bfe\u5fdc\u53ef\u80fd\u306a\u81ea\u793e\u5de5\u5834\u3092\u4fdd\u6709\u3002\u30ab\u30a4\u30bc\u30f3\u306b\u95a2\u308f\u308b\u30e6\u30cb\u30fc\u30af\u88fd\u54c1\u306e\u63d0\u6848\u4e26\u3073\u306bSDGs\u306e\u9054\u6210\u3002\",\"breadcrumb\":{\"@id\":\"https:\\\/\\\/meiji-uk.com\\\/ja\\\/#breadcrumb\"},\"inLanguage\":\"ja-JP\",\"potentialAction\":[{\"@type\":\"ReadAction\",\"target\":[\"https:\\\/\\\/meiji-uk.com\\\/ja\\\/\"]}]},{\"@type\":\"ImageObject\",\"inLanguage\":\"ja-JP\",\"@id\":\"https:\\\/\\\/meiji-uk.com\\\/ja\\\/#primaryimage\",\"url\":\"https:\\\/\\\/meiji-uk.com\\\/wp-content\\\/uploads\\\/2024\\\/12\\\/pexels-pixabay-73833-AMqbRaxaoqHa6M7j.avif\",\"contentUrl\":\"https:\\\/\\\/meiji-uk.com\\\/wp-content\\\/uploads\\\/2024\\\/12\\\/pexels-pixabay-73833-AMqbRaxaoqHa6M7j.avif\"},{\"@type\":\"BreadcrumbList\",\"@id\":\"https:\\\/\\\/meiji-uk.com\\\/ja\\\/#breadcrumb\",\"itemListElement\":[{\"@type\":\"ListItem\",\"position\":1,\"name\":\"Home\",\"item\":\"https:\\\/\\\/meiji-uk.com\\\/ja\\\/\"},{\"@type\":\"ListItem\",\"position\":2,\"name\":\"Home\"}]},{\"@type\":\"WebSite\",\"@id\":\"https:\\\/\\\/meiji-uk.com\\\/#website\",\"url\":\"https:\\\/\\\/meiji-uk.com\\\/\",\"name\":\"Meiji UK\",\"description\":\"Solution with MEIJI UK\",\"publisher\":{\"@id\":\"https:\\\/\\\/meiji-uk.com\\\/#organization\"},\"alternateName\":\"Meiji\",\"potentialAction\":[{\"@type\":\"SearchAction\",\"target\":{\"@type\":\"EntryPoint\",\"urlTemplate\":\"https:\\\/\\\/meiji-uk.com\\\/?s={search_term_string}\"},\"query-input\":{\"@type\":\"PropertyValueSpecification\",\"valueRequired\":true,\"valueName\":\"search_term_string\"}}],\"inLanguage\":\"ja-JP\"},{\"@type\":\"Organization\",\"@id\":\"https:\\\/\\\/meiji-uk.com\\\/#organization\",\"name\":\"Meiji UK Ltd.\",\"url\":\"https:\\\/\\\/meiji-uk.com\\\/\",\"logo\":{\"@type\":\"ImageObject\",\"inLanguage\":\"ja-JP\",\"@id\":\"https:\\\/\\\/meiji-uk.com\\\/#\\\/schema\\\/logo\\\/image\\\/\",\"url\":\"https:\\\/\\\/meiji-uk.com\\\/wp-content\\\/uploads\\\/2024\\\/12\\\/cropped-meiji-logo-A85wXOpW7aCD7lkR-1.avif\",\"contentUrl\":\"https:\\\/\\\/meiji-uk.com\\\/wp-content\\\/uploads\\\/2024\\\/12\\\/cropped-meiji-logo-A85wXOpW7aCD7lkR-1.avif\",\"width\":512,\"height\":512,\"caption\":\"Meiji UK Ltd.\"},\"image\":{\"@id\":\"https:\\\/\\\/meiji-uk.com\\\/#\\\/schema\\\/logo\\\/image\\\/\"}}]}<\/script>\n<!-- \/ Yoast SEO plugin. -->","yoast_head_json":{"title":"MEIJI UK LTD. | \u4e16\u754c\u306e\u300c\u3082\u306e\u3065\u304f\u308a\u300d\u3092\u5f37\u304f\u3059\u308b","description":"\u7d043,000\u793e\u306e\u4ed5\u5165\u308c\u5148\u69d8\u304b\u3089\u591a\u5f69\u306a\u6709\u529b\u5546\u54c1\u3092\u4f9b\u7d66\u3057\u307e\u3059\u3002\u65e5\u672c\u306e\u300c\u3082\u306e\u3065\u304f\u308a\u300d\u3092\u652f\u3048\u7d9a\u3051\u306625\u5e74\u3002MRO\u30d1\u30fc\u30c4\u306b\u304a\u3051\u308b\u6700\u9069\u8abf\u9054 \u3002\u30ab\u30b9\u30bf\u30de\u30a4\u30ba\u306b\u5bfe\u5fdc\u53ef\u80fd\u306a\u81ea\u793e\u5de5\u5834\u3092\u4fdd\u6709\u3002\u30ab\u30a4\u30bc\u30f3\u306b\u95a2\u308f\u308b\u30e6\u30cb\u30fc\u30af\u88fd\u54c1\u306e\u63d0\u6848\u4e26\u3073\u306bSDGs\u306e\u9054\u6210\u3002","robots":{"index":"index","follow":"follow","max-snippet":"max-snippet:-1","max-image-preview":"max-image-preview:large","max-video-preview":"max-video-preview:-1"},"canonical":"https:\/\/meiji-uk.com\/ja\/","og_locale":"ja_JP","og_type":"article","og_title":"[:en]MEIJI UK LTD. | Solution With MEIJI UK[:hu]MEIJI UK LTD. | MEIJI UK A Megold\u00e1s[:ja]MEIJI UK LTD. | \u4e16\u754c\u306e\u300c\u3082\u306e\u3065\u304f\u308a\u300d\u3092\u5f37\u304f\u3059\u308b[:]","og_description":"[:en]Meiji UK Ltd. is a supplier of industrial products from 3,000+ manufacturers. Over 25 Years of continuous support for Japanese manufacturing..[:hu]A Meiji UK Ltd. 3,000+ gy\u00e1rt\u00f3 ipari term\u00e9keinek besz\u00e1ll\u00edt\u00f3ja. T\u00f6bb mint 25 \u00e9ve a Jap\u00e1n gy\u00e1rt\u00e1s t\u00f6retlen t\u00e1mogat\u00f3ja. MRO alkatr\u00e9szek besz\u00e1ll...[:ja]\u7d043,000\u793e\u306e\u4ed5\u5165\u308c\u5148\u69d8\u304b\u3089\u591a\u5f69\u306a\u6709\u529b\u5546\u54c1\u3092\u4f9b\u7d66\u3057\u307e\u3059\u3002\u65e5\u672c\u306e\u300c\u3082\u306e\u3065\u304f\u308a\u300d\u3092\u652f\u3048\u7d9a\u3051\u306625\u5e74\u3002MRO\u30d1\u30fc\u30c4\u306b\u304a\u3051\u308b\u6700\u9069\u8abf\u9054 \u3002\u30ab\u30b9\u30bf\u30de\u30a4\u30ba\u306b\u5bfe\u5fdc\u53ef\u80fd\u306a\u81ea\u793e\u5de5\u5834\u3092\u4fdd\u6709\u3002\u30ab\u30a4\u30bc\u30f3\u306b\u95a2\u308f\u308b\u30e6\u30cb\u30fc\u30af\u88fd\u54c1\u306e\u63d0\u6848\u4e26\u3073\u306bSDGs\u306e\u9054\u6210\u3002[:]","og_url":"https:\/\/meiji-uk.com\/ja\/","og_site_name":"meiji-uk-com","article_modified_time":"2025-05-21T10:22:00+00:00","og_image":[{"url":"https:\/\/meiji-uk.com\/wp-content\/uploads\/2024\/12\/pexels-pixabay-73833-AMqbRaxaoqHa6M7j.avif","type":"","width":"","height":""}],"twitter_card":"summary_large_image","twitter_misc":{"\u63a8\u5b9a\u8aad\u307f\u53d6\u308a\u6642\u9593":"1\u5206"},"schema":{"@context":"https:\/\/schema.org","@graph":[{"@type":"WebPage","@id":"https:\/\/meiji-uk.com\/ja\/","url":"https:\/\/meiji-uk.com\/ja\/","name":"MEIJI UK LTD. | \u4e16\u754c\u306e\u300c\u3082\u306e\u3065\u304f\u308a\u300d\u3092\u5f37\u304f\u3059\u308b","isPartOf":{"@id":"https:\/\/meiji-uk.com\/#website"},"primaryImageOfPage":{"@id":"https:\/\/meiji-uk.com\/ja\/#primaryimage"},"image":{"@id":"https:\/\/meiji-uk.com\/ja\/#primaryimage"},"thumbnailUrl":"https:\/\/meiji-uk.com\/wp-content\/uploads\/2024\/12\/pexels-pixabay-73833-AMqbRaxaoqHa6M7j.avif","datePublished":"2024-12-09T13:32:51+00:00","dateModified":"2025-05-21T10:22:00+00:00","description":"\u7d043,000\u793e\u306e\u4ed5\u5165\u308c\u5148\u69d8\u304b\u3089\u591a\u5f69\u306a\u6709\u529b\u5546\u54c1\u3092\u4f9b\u7d66\u3057\u307e\u3059\u3002\u65e5\u672c\u306e\u300c\u3082\u306e\u3065\u304f\u308a\u300d\u3092\u652f\u3048\u7d9a\u3051\u306625\u5e74\u3002MRO\u30d1\u30fc\u30c4\u306b\u304a\u3051\u308b\u6700\u9069\u8abf\u9054 \u3002\u30ab\u30b9\u30bf\u30de\u30a4\u30ba\u306b\u5bfe\u5fdc\u53ef\u80fd\u306a\u81ea\u793e\u5de5\u5834\u3092\u4fdd\u6709\u3002\u30ab\u30a4\u30bc\u30f3\u306b\u95a2\u308f\u308b\u30e6\u30cb\u30fc\u30af\u88fd\u54c1\u306e\u63d0\u6848\u4e26\u3073\u306bSDGs\u306e\u9054\u6210\u3002","breadcrumb":{"@id":"https:\/\/meiji-uk.com\/ja\/#breadcrumb"},"inLanguage":"ja-JP","potentialAction":[{"@type":"ReadAction","target":["https:\/\/meiji-uk.com\/ja\/"]}]},{"@type":"ImageObject","inLanguage":"ja-JP","@id":"https:\/\/meiji-uk.com\/ja\/#primaryimage","url":"https:\/\/meiji-uk.com\/wp-content\/uploads\/2024\/12\/pexels-pixabay-73833-AMqbRaxaoqHa6M7j.avif","contentUrl":"https:\/\/meiji-uk.com\/wp-content\/uploads\/2024\/12\/pexels-pixabay-73833-AMqbRaxaoqHa6M7j.avif"},{"@type":"BreadcrumbList","@id":"https:\/\/meiji-uk.com\/ja\/#breadcrumb","itemListElement":[{"@type":"ListItem","position":1,"name":"Home","item":"https:\/\/meiji-uk.com\/ja\/"},{"@type":"ListItem","position":2,"name":"Home"}]},{"@type":"WebSite","@id":"https:\/\/meiji-uk.com\/#website","url":"https:\/\/meiji-uk.com\/","name":"Meiji UK","description":"Solution with MEIJI UK","publisher":{"@id":"https:\/\/meiji-uk.com\/#organization"},"alternateName":"Meiji","potentialAction":[{"@type":"SearchAction","target":{"@type":"EntryPoint","urlTemplate":"https:\/\/meiji-uk.com\/?s={search_term_string}"},"query-input":{"@type":"PropertyValueSpecification","valueRequired":true,"valueName":"search_term_string"}}],"inLanguage":"ja-JP"},{"@type":"Organization","@id":"https:\/\/meiji-uk.com\/#organization","name":"Meiji UK Ltd.","url":"https:\/\/meiji-uk.com\/","logo":{"@type":"ImageObject","inLanguage":"ja-JP","@id":"https:\/\/meiji-uk.com\/#\/schema\/logo\/image\/","url":"https:\/\/meiji-uk.com\/wp-content\/uploads\/2024\/12\/cropped-meiji-logo-A85wXOpW7aCD7lkR-1.avif","contentUrl":"https:\/\/meiji-uk.com\/wp-content\/uploads\/2024\/12\/cropped-meiji-logo-A85wXOpW7aCD7lkR-1.avif","width":512,"height":512,"caption":"Meiji UK Ltd."},"image":{"@id":"https:\/\/meiji-uk.com\/#\/schema\/logo\/image\/"}}]}},"uagb_featured_image_src":{"full":false,"thumbnail":false,"medium":false,"medium_large":false,"large":false,"1536x1536":false,"2048x2048":false},"uagb_author_info":{"display_name":"Meiji UK","author_link":"https:\/\/meiji-uk.com\/ja\/author\/noelx213gmail-com\/"},"uagb_comment_info":0,"uagb_excerpt":"Meiji UK\u306e\u5f37\u307f MRO\u30d1\u30fc\u30c4\u306b\u304a\u3051\u308b\u6700\u9069\u8abf\u9054 \u30ab\u30b9\u30bf\u30de\u30a4\u30ba\u306b\u5bfe\u5fdc\u53ef\u80fd\u306a\u81ea\u793e\u5de5\u5834\u3092\u4fdd\u6709 \u30ab\u30a4\u30bc\u30f3\u306b\u95a2\u308f\u308b&hellip;","_links":{"self":[{"href":"https:\/\/meiji-uk.com\/ja\/wp-json\/wp\/v2\/pages\/494","targetHints":{"allow":["GET"]}}],"collection":[{"href":"https:\/\/meiji-uk.com\/ja\/wp-json\/wp\/v2\/pages"}],"about":[{"href":"https:\/\/meiji-uk.com\/ja\/wp-json\/wp\/v2\/types\/page"}],"author":[{"embeddable":true,"href":"https:\/\/meiji-uk.com\/ja\/wp-json\/wp\/v2\/users\/1"}],"replies":[{"embeddable":true,"href":"https:\/\/meiji-uk.com\/ja\/wp-json\/wp\/v2\/comments?post=494"}],"version-history":[{"count":398,"href":"https:\/\/meiji-uk.com\/ja\/wp-json\/wp\/v2\/pages\/494\/revisions"}],"predecessor-version":[{"id":2344,"href":"https:\/\/meiji-uk.com\/ja\/wp-json\/wp\/v2\/pages\/494\/revisions\/2344"}],"wp:attachment":[{"href":"https:\/\/meiji-uk.com\/ja\/wp-json\/wp\/v2\/media?parent=494"}],"curies":[{"name":"wp","href":"https:\/\/api.w.org\/{rel}","templated":true}]}}