{"id":495,"date":"2024-12-09T13:32:51","date_gmt":"2024-12-09T13:32:51","guid":{"rendered":"https:\/\/meiji-uk.com\/about\/"},"modified":"2025-01-16T13:06:29","modified_gmt":"2025-01-16T13:06:29","slug":"about-us","status":"publish","type":"page","link":"https:\/\/meiji-uk.com\/ja\/about-us\/","title":{"rendered":"\u306b\u3064\u3044\u3066"},"content":{"rendered":"\n<div style=\"height:200px\" aria-hidden=\"true\" class=\"wp-block-spacer\"><\/div>\n\n\n\n<div class=\"wp-block-uagb-image uagb-block-5604c728 wp-block-uagb-image--layout-default wp-block-uagb-image--effect-static wp-block-uagb-image--align-none\"><figure class=\"wp-block-uagb-image__figure\"><img decoding=\"async\" srcset=\"https:\/\/meiji-uk.com\/wp-content\/uploads\/2024\/12\/\u4fe1\u983c-1.png ,https:\/\/meiji-uk.com\/wp-content\/uploads\/2024\/12\/\u4fe1\u983c-1.png 780w, https:\/\/meiji-uk.com\/wp-content\/uploads\/2024\/12\/\u4fe1\u983c-1.png 360w\" sizes=\"auto, (max-width: 480px) 150px\" src=\"https:\/\/meiji-uk.com\/wp-content\/uploads\/2024\/12\/\u4fe1\u983c-1.png\" alt=\"\" class=\"uag-image-2074\" width=\"233\" height=\"102\" title=\"\u4fe1\u983c (1)\" loading=\"lazy\" role=\"img\"\/><\/figure><\/div>\n\n\n\n<div style=\"height:100px\" aria-hidden=\"true\" class=\"wp-block-spacer\"><\/div>\n\n\n\n<div class=\"wp-block-uagb-container uagb-block-6084cb73 alignfull uagb-is-root-container\"><div class=\"uagb-container-inner-blocks-wrap\">\n<div class=\"wp-block-uagb-container uagb-block-b27ff20a\">\n<p style=\"font-size:16px\">\u5f0a\u793e\u306fFA\u306e\u7dcf\u5408\u5c02\u9580\u5546\u793e\u3068\u3057\u3066\u30011998\u5e74\u306e\u8a2d\u7acb\u4ee5\u6765\u3001\u82f1\u56fd\u30fb\u6b27\u5dde\u306b\u9032\u51fa\u3059\u308b\u4f01\u696d\u69d8\u306e\u304a\u624b\u4f1d\u3044\u3092\u3057\u3066\u307e\u3044\u308a\u307e\u3057\u305f\u3002<\/p>\n\n\n\n<p>\u5f0a\u793e\u306e\u30b5\u30fc\u30d3\u30b9\u306f\u3001\u88fd\u9020\u696d\u306b\u304a\u3051\u308b\u6700\u5148\u7aef\u306e\u30b7\u30b9\u30c6\u30e0\u63d0\u6848\u3001\u30c6\u30b9\u30c8(\u4e8b\u524d\u691c\u8a3c)\u3001 \u8a2d\u8a08\u3001\u88fd\u4f5c\u3001\u65bd\u5de5\u3001\u8a2d\u7f6e\u3001\u904b\u7528\u3001\u4fdd\u5b88\u307e\u3067\u3092\u6700\u9069\u306a\u30bd\u30ea\u30e5\u30fc\u30b7\u30e7\u30f3\u3067\u691c\u8a0e\u30fb\u63d0\u6848\u3057\u3001\u30c8\u30fc\u30bf\u30eb\u30b5\u30dd\u30fc\u30c8\u3092\u3057\u307e\u3059\u3002 \u307e\u305f\u3001\u7269\u6d41\u306e\u5f37\u307f\u3092\u6d3b\u304b\u3057\u3000\u54c1\u8cea\u306e\u826f\u3044\u3082\u306e\u3092\u65e9\u304f\u304a\u5c4a\u3051\u3057\u307e\u3059\u3002<\/p>\n\n\n\n<p style=\"font-size:16px\">\u6211\u3005\u306e\u30df\u30c3\u30b7\u30e7\u30f3\u306f\u88fd\u9020\u696d\u3092\u5f37\u304f\u3057\u3001\u74b0\u5883\u4fdd\u5168\u3092\u9075\u5b88\u3057\u306a\u304c\u3089\u304a\u5ba2\u69d8\u3001\u30b5\u30d7\u30e9\u30a4\u30e4\u30fc\u69d8\u3001\u5168\u3066\u306e\u30d3\u30b8\u30cd\u30b9\u30d1\u30fc\u30c8\u30ca\u30fc\u69d8\u3068\u3068\u3082\u306b\u793e\u4f1a\u306b\u8ca2\u732e\u3059\u308b\u4e8b\u3067\u3059\u3002 \u304a\u5ba2\u69d8\u3001\u5f93\u696d\u54e1\u3001\u793e\u4f1a\u3068\u306e\u4fe1\u983c\u3092\u5927\u5207\u306b\u3000\u7686\u69d8\u306b\u611b\u3055\u308c\u7d9a\u3051\u308bMEIJI UK\u3092\u76ee\u6307\u3057\u307e\u3059\u3002<\/p>\n\n\n\n<p><\/p>\n\n\n\n<p class=\"has-text-align-right\">\u53d6\u7de0\u5f79\u793e\u9577<br>\u5c71\u7530 \u5553\u592a<\/p>\n<\/div>\n\n\n\n<div class=\"wp-block-uagb-container uagb-block-f61889c0\">\n<div class=\"wp-block-uagb-image alignright uagb-block-d2781ad0 wp-block-uagb-image--layout-default wp-block-uagb-image--effect-static wp-block-uagb-image--align-right\"><figure class=\"wp-block-uagb-image__figure\"><img decoding=\"async\" srcset=\"https:\/\/meiji-uk.com\/wp-content\/uploads\/2024\/12\/IMG_3230.jpeg ,https:\/\/meiji-uk.com\/wp-content\/uploads\/2024\/12\/IMG_3230.jpeg 780w, https:\/\/meiji-uk.com\/wp-content\/uploads\/2024\/12\/IMG_3230.jpeg 360w\" sizes=\"auto, (max-width: 480px) 150px\" src=\"https:\/\/meiji-uk.com\/wp-content\/uploads\/2024\/12\/IMG_3230.jpeg\" alt=\"\" class=\"uag-image-2089\" width=\"2467\" height=\"2010\" title=\"\u5c71\u7530 \u5553\u592a\" loading=\"lazy\" role=\"img\"\/><\/figure><\/div>\n<\/div>\n<\/div><\/div>\n\n\n\n<div style=\"height:100px\" aria-hidden=\"true\" class=\"wp-block-spacer\"><\/div>\n","protected":false},"excerpt":{"rendered":"<p>\u5f0a\u793e\u306fFA\u306e\u7dcf\u5408\u5c02\u9580\u5546\u793e\u3068\u3057\u3066\u30011998\u5e74\u306e\u8a2d\u7acb\u4ee5\u6765\u3001\u82f1\u56fd\u30fb\u6b27\u5dde\u306b\u9032\u51fa\u3059\u308b\u4f01\u696d\u69d8\u306e\u304a\u624b\u4f1d\u3044\u3092\u3057\u3066\u307e\u3044\u308a\u307e\u3057\u305f\u3002 \u5f0a\u793e\u306e\u30b5\u30fc\u30d3\u30b9\u306f\u3001\u88fd\u9020\u696d\u306b\u304a\u3051\u308b\u6700\u5148\u7aef\u306e\u30b7\u30b9\u30c6\u30e0\u63d0\u6848\u3001\u30c6\u30b9\u30c8(\u4e8b\u524d\u691c\u8a3c)\u3001 \u8a2d\u8a08\u3001\u88fd\u4f5c\u3001\u65bd\u5de5\u3001\u8a2d\u7f6e\u3001\u904b\u7528\u3001\u4fdd [&hellip;]<\/p>\n","protected":false},"author":1,"featured_media":0,"parent":0,"menu_order":0,"comment_status":"closed","ping_status":"closed","template":"","meta":{"_uag_custom_page_level_css":"","site-sidebar-layout":"no-sidebar","site-content-layout":"plain-container","ast-site-content-layout":"normal-width-container","site-content-style":"unboxed","site-sidebar-style":"unboxed","ast-global-header-display":"","ast-banner-title-visibility":"","ast-main-header-display":"","ast-hfb-above-header-display":"","ast-hfb-below-header-display":"","ast-hfb-mobile-header-display":"","site-post-title":"disabled","ast-breadcrumbs-content":"","ast-featured-img":"disabled","footer-sml-layout":"","ast-disable-related-posts":"","theme-transparent-header-meta":"enabled","adv-header-id-meta":"","stick-header-meta":"","header-above-stick-meta":"","header-main-stick-meta":"","header-below-stick-meta":"","astra-migrate-meta-layouts":"set","ast-page-background-enabled":"default","ast-page-background-meta":{"desktop":{"background-color":"","background-image":"","background-repeat":"repeat","background-position":"center center","background-size":"auto","background-attachment":"scroll","background-type":"","background-media":"","overlay-type":"","overlay-color":"","overlay-opacity":"","overlay-gradient":""},"tablet":{"background-color":"","background-image":"","background-repeat":"repeat","background-position":"center center","background-size":"auto","background-attachment":"scroll","background-type":"","background-media":"","overlay-type":"","overlay-color":"","overlay-opacity":"","overlay-gradient":""},"mobile":{"background-color":"","background-image":"","background-repeat":"repeat","background-position":"center center","background-size":"auto","background-attachment":"scroll","background-type":"","background-media":"","overlay-type":"","overlay-color":"","overlay-opacity":"","overlay-gradient":""}},"ast-content-background-meta":{"desktop":{"background-color":"var(--ast-global-color-5)","background-image":"","background-repeat":"repeat","background-position":"center center","background-size":"auto","background-attachment":"scroll","background-type":"","background-media":"","overlay-type":"","overlay-color":"","overlay-opacity":"","overlay-gradient":""},"tablet":{"background-color":"var(--ast-global-color-5)","background-image":"","background-repeat":"repeat","background-position":"center center","background-size":"auto","background-attachment":"scroll","background-type":"","background-media":"","overlay-type":"","overlay-color":"","overlay-opacity":"","overlay-gradient":""},"mobile":{"background-color":"var(--ast-global-color-5)","background-image":"","background-repeat":"repeat","background-position":"center center","background-size":"auto","background-attachment":"scroll","background-type":"","background-media":"","overlay-type":"","overlay-color":"","overlay-opacity":"","overlay-gradient":""}},"footnotes":""},"class_list":["post-495","page","type-page","status-publish","hentry"],"yoast_head":"<!-- This site is optimized with the Yoast SEO plugin v26.8 - https:\/\/yoast.com\/product\/yoast-seo-wordpress\/ -->\n<title>Meiji UK - Meiji UK Ltd.\u3068\u306f<\/title>\n<meta name=\"description\" content=\"\u5f0a\u793e\u306fFA\u306e\u7dcf\u5408\u5c02\u9580\u5546\u793e\u3068\u3057\u3066\u30011998\u5e74\u306e\u8a2d\u7acb\u4ee5\u6765\u3001\u82f1\u56fd\u30fb\u6b27\u5dde\u306b\u9032\u51fa\u3059\u308b\u4f01\u696d\u69d8\u306e\u304a\u624b\u4f1d\u3044\u3092\u3057\u3066\u307e\u3044\u308a\u307e\u3057\u305f\u3002\u5f0a\u793e\u306e\u30b5\u30fc\u30d3\u30b9\u306f\u3001\u88fd\u9020\u696d\u306b\u304a\u3051\u308b\u6700\u5148\u7aef\u306e\u30b7\u30b9\u30c6\u30e0\u63d0\u6848\u3001\u30c6\u30b9\u30c8(\u4e8b\u524d\u691c\u8a3c)\u3001 \u8a2d\u8a08\u3001\u88fd\u4f5c\u3001\u65bd\u5de5\u3001\u8a2d\u7f6e\u3001\u904b\u7528...\" \/>\n<meta name=\"robots\" content=\"index, follow, max-snippet:-1, max-image-preview:large, max-video-preview:-1\" \/>\n<link rel=\"canonical\" href=\"https:\/\/meiji-uk.com\/ja\/about-us\/\" \/>\n<meta property=\"og:locale\" content=\"ja_JP\" \/>\n<meta property=\"og:locale:alternate\" content=\"en_UK\" \/>\n<meta property=\"og:locale:alternate\" content=\"hu_HU\" \/>\n<meta property=\"og:type\" content=\"article\" \/>\n<meta property=\"og:title\" content=\"Meiji UK - Meiji UK Ltd.\u3068\u306f\" \/>\n<meta property=\"og:description\" content=\"\u5f0a\u793e\u306fFA\u306e\u7dcf\u5408\u5c02\u9580\u5546\u793e\u3068\u3057\u3066\u30011998\u5e74\u306e\u8a2d\u7acb\u4ee5\u6765\u3001\u82f1\u56fd\u30fb\u6b27\u5dde\u306b\u9032\u51fa\u3059\u308b\u4f01\u696d\u69d8\u306e\u304a\u624b\u4f1d\u3044\u3092\u3057\u3066\u307e\u3044\u308a\u307e\u3057\u305f\u3002\u5f0a\u793e\u306e\u30b5\u30fc\u30d3\u30b9\u306f\u3001\u88fd\u9020\u696d\u306b\u304a\u3051\u308b\u6700\u5148\u7aef\u306e\u30b7\u30b9\u30c6\u30e0\u63d0\u6848\u3001\u30c6\u30b9\u30c8(\u4e8b\u524d\u691c\u8a3c)\u3001 \u8a2d\u8a08\u3001\u88fd\u4f5c\u3001\u65bd\u5de5\u3001\u8a2d\u7f6e\u3001\u904b\u7528...\" \/>\n<meta property=\"og:url\" content=\"https:\/\/meiji-uk.com\/ja\/about-us\/\" \/>\n<meta property=\"og:site_name\" content=\"meiji-uk-com\" \/>\n<meta property=\"article:modified_time\" content=\"2025-01-16T13:06:29+00:00\" \/>\n<meta property=\"og:image\" content=\"https:\/\/meiji-uk.com\/wp-content\/uploads\/2024\/12\/unnamed-1-2.png\" \/>\n<meta name=\"twitter:card\" content=\"summary_large_image\" \/>\n<meta name=\"twitter:label1\" content=\"\u63a8\u5b9a\u8aad\u307f\u53d6\u308a\u6642\u9593\" \/>\n\t<meta name=\"twitter:data1\" content=\"1\u5206\" \/>\n<script type=\"application\/ld+json\" class=\"yoast-schema-graph\">{\"@context\":\"https:\/\/schema.org\",\"@graph\":[{\"@type\":[\"WebPage\",\"\"],\"@id\":\"https:\/\/meiji-uk.com\/about-us\/\",\"url\":\"https:\/\/meiji-uk.com\/about-us\/\",\"name\":\"Meiji UK - Meiji UK Ltd.\u3068\u306f\",\"isPartOf\":{\"@id\":\"https:\/\/meiji-uk.com\/#website\"},\"primaryImageOfPage\":{\"@id\":\"https:\/\/meiji-uk.com\/about-us\/#primaryimage\"},\"image\":{\"@id\":\"https:\/\/meiji-uk.com\/about-us\/#primaryimage\"},\"thumbnailUrl\":\"https:\/\/meiji-uk.com\/wp-content\/uploads\/2024\/12\/unnamed-1-2.png\",\"datePublished\":\"2024-12-09T13:32:51+00:00\",\"dateModified\":\"2025-01-16T13:06:29+00:00\",\"description\":\"\u5f0a\u793e\u306fFA\u306e\u7dcf\u5408\u5c02\u9580\u5546\u793e\u3068\u3057\u3066\u30011998\u5e74\u306e\u8a2d\u7acb\u4ee5\u6765\u3001\u82f1\u56fd\u30fb\u6b27\u5dde\u306b\u9032\u51fa\u3059\u308b\u4f01\u696d\u69d8\u306e\u304a\u624b\u4f1d\u3044\u3092\u3057\u3066\u307e\u3044\u308a\u307e\u3057\u305f\u3002\u5f0a\u793e\u306e\u30b5\u30fc\u30d3\u30b9\u306f\u3001\u88fd\u9020\u696d\u306b\u304a\u3051\u308b\u6700\u5148\u7aef\u306e\u30b7\u30b9\u30c6\u30e0\u63d0\u6848\u3001\u30c6\u30b9\u30c8(\u4e8b\u524d\u691c\u8a3c)\u3001 \u8a2d\u8a08\u3001\u88fd\u4f5c\u3001\u65bd\u5de5\u3001\u8a2d\u7f6e\u3001\u904b\u7528...\",\"breadcrumb\":{\"@id\":\"https:\/\/meiji-uk.com\/about-us\/#breadcrumb\"},\"inLanguage\":\"ja-JP\",\"potentialAction\":[{\"@type\":\"ReadAction\",\"target\":[\"https:\/\/meiji-uk.com\/about-us\/\"]}]},{\"@type\":\"ImageObject\",\"inLanguage\":\"ja-JP\",\"@id\":\"https:\/\/meiji-uk.com\/about-us\/#primaryimage\",\"url\":\"https:\/\/meiji-uk.com\/wp-content\/uploads\/2024\/12\/unnamed-1-2.png\",\"contentUrl\":\"https:\/\/meiji-uk.com\/wp-content\/uploads\/2024\/12\/unnamed-1-2.png\"},{\"@type\":\"BreadcrumbList\",\"@id\":\"https:\/\/meiji-uk.com\/about-us\/#breadcrumb\",\"itemListElement\":[{\"@type\":\"ListItem\",\"position\":1,\"name\":\"Home\",\"item\":\"https:\/\/meiji-uk.com\/ja\/\"},{\"@type\":\"ListItem\",\"position\":2,\"name\":\"About us\"}]},{\"@type\":\"WebSite\",\"@id\":\"https:\/\/meiji-uk.com\/#website\",\"url\":\"https:\/\/meiji-uk.com\/\",\"name\":\"Meiji UK\",\"description\":\"Solution with MEIJI UK\",\"publisher\":{\"@id\":\"https:\/\/meiji-uk.com\/#organization\"},\"alternateName\":\"Meiji\",\"potentialAction\":[{\"@type\":\"SearchAction\",\"target\":{\"@type\":\"EntryPoint\",\"urlTemplate\":\"https:\/\/meiji-uk.com\/?s={search_term_string}\"},\"query-input\":{\"@type\":\"PropertyValueSpecification\",\"valueRequired\":true,\"valueName\":\"search_term_string\"}}],\"inLanguage\":\"ja-JP\"},{\"@type\":\"Organization\",\"@id\":\"https:\/\/meiji-uk.com\/#organization\",\"name\":\"Meiji UK Ltd.\",\"url\":\"https:\/\/meiji-uk.com\/\",\"logo\":{\"@type\":\"ImageObject\",\"inLanguage\":\"ja-JP\",\"@id\":\"https:\/\/meiji-uk.com\/#\/schema\/logo\/image\/\",\"url\":\"https:\/\/meiji-uk.com\/wp-content\/uploads\/2024\/12\/cropped-meiji-logo-A85wXOpW7aCD7lkR-1.avif\",\"contentUrl\":\"https:\/\/meiji-uk.com\/wp-content\/uploads\/2024\/12\/cropped-meiji-logo-A85wXOpW7aCD7lkR-1.avif\",\"width\":512,\"height\":512,\"caption\":\"Meiji UK Ltd.\"},\"image\":{\"@id\":\"https:\/\/meiji-uk.com\/#\/schema\/logo\/image\/\"}}]}<\/script>\n<!-- \/ Yoast SEO plugin. -->","yoast_head_json":{"title":"Meiji UK - Meiji UK Ltd.\u3068\u306f","description":"\u5f0a\u793e\u306fFA\u306e\u7dcf\u5408\u5c02\u9580\u5546\u793e\u3068\u3057\u3066\u30011998\u5e74\u306e\u8a2d\u7acb\u4ee5\u6765\u3001\u82f1\u56fd\u30fb\u6b27\u5dde\u306b\u9032\u51fa\u3059\u308b\u4f01\u696d\u69d8\u306e\u304a\u624b\u4f1d\u3044\u3092\u3057\u3066\u307e\u3044\u308a\u307e\u3057\u305f\u3002\u5f0a\u793e\u306e\u30b5\u30fc\u30d3\u30b9\u306f\u3001\u88fd\u9020\u696d\u306b\u304a\u3051\u308b\u6700\u5148\u7aef\u306e\u30b7\u30b9\u30c6\u30e0\u63d0\u6848\u3001\u30c6\u30b9\u30c8(\u4e8b\u524d\u691c\u8a3c)\u3001 \u8a2d\u8a08\u3001\u88fd\u4f5c\u3001\u65bd\u5de5\u3001\u8a2d\u7f6e\u3001\u904b\u7528...","robots":{"index":"index","follow":"follow","max-snippet":"max-snippet:-1","max-image-preview":"max-image-preview:large","max-video-preview":"max-video-preview:-1"},"canonical":"https:\/\/meiji-uk.com\/ja\/about-us\/","og_locale":"ja_JP","og_type":"article","og_title":"[:en]About us | Meiji UK Ltd.[:hu]R\u00f3lunk | Meiji UK Ltd.[:ja]Meiji UK - Meiji UK Ltd.\u3068\u306f[:]","og_description":"[:en]Meiji UK Ltd. is a leading Factory-Automation trading company supporting UK & European expansions since 1998. Our mission is to empower the...[:hu]A Meiji UK Ltd. 1998-as megalapul\u00e1sa \u00f3ta t\u00e1mogatja \u00fcgyfeleit az Egyes\u00fclt Kir\u00e1lys\u00e1gban \u00e9s Eur\u00f3p\u00e1ban, k\u00fcl\u00f6n\u00f6s tekintettel az ipari automati...[:ja]\u5f0a\u793e\u306fFA\u306e\u7dcf\u5408\u5c02\u9580\u5546\u793e\u3068\u3057\u3066\u30011998\u5e74\u306e\u8a2d\u7acb\u4ee5\u6765\u3001\u82f1\u56fd\u30fb\u6b27\u5dde\u306b\u9032\u51fa\u3059\u308b\u4f01\u696d\u69d8\u306e\u304a\u624b\u4f1d\u3044\u3092\u3057\u3066\u307e\u3044\u308a\u307e\u3057\u305f\u3002\u5f0a\u793e\u306e\u30b5\u30fc\u30d3\u30b9\u306f\u3001\u88fd\u9020\u696d\u306b\u304a\u3051\u308b\u6700\u5148\u7aef\u306e\u30b7\u30b9\u30c6\u30e0\u63d0\u6848\u3001\u30c6\u30b9\u30c8(\u4e8b\u524d\u691c\u8a3c)\u3001 \u8a2d\u8a08\u3001\u88fd\u4f5c\u3001\u65bd\u5de5\u3001\u8a2d\u7f6e\u3001\u904b\u7528...[:]","og_url":"https:\/\/meiji-uk.com\/ja\/about-us\/","og_site_name":"meiji-uk-com","article_modified_time":"2025-01-16T13:06:29+00:00","og_image":[{"url":"https:\/\/meiji-uk.com\/wp-content\/uploads\/2024\/12\/unnamed-1-2.png","type":"","width":"","height":""}],"twitter_card":"summary_large_image","twitter_misc":{"\u63a8\u5b9a\u8aad\u307f\u53d6\u308a\u6642\u9593":"1\u5206"},"schema":{"@context":"https:\/\/schema.org","@graph":[{"@type":["WebPage",""],"@id":"https:\/\/meiji-uk.com\/about-us\/","url":"https:\/\/meiji-uk.com\/about-us\/","name":"Meiji UK - Meiji UK Ltd.\u3068\u306f","isPartOf":{"@id":"https:\/\/meiji-uk.com\/#website"},"primaryImageOfPage":{"@id":"https:\/\/meiji-uk.com\/about-us\/#primaryimage"},"image":{"@id":"https:\/\/meiji-uk.com\/about-us\/#primaryimage"},"thumbnailUrl":"https:\/\/meiji-uk.com\/wp-content\/uploads\/2024\/12\/unnamed-1-2.png","datePublished":"2024-12-09T13:32:51+00:00","dateModified":"2025-01-16T13:06:29+00:00","description":"\u5f0a\u793e\u306fFA\u306e\u7dcf\u5408\u5c02\u9580\u5546\u793e\u3068\u3057\u3066\u30011998\u5e74\u306e\u8a2d\u7acb\u4ee5\u6765\u3001\u82f1\u56fd\u30fb\u6b27\u5dde\u306b\u9032\u51fa\u3059\u308b\u4f01\u696d\u69d8\u306e\u304a\u624b\u4f1d\u3044\u3092\u3057\u3066\u307e\u3044\u308a\u307e\u3057\u305f\u3002\u5f0a\u793e\u306e\u30b5\u30fc\u30d3\u30b9\u306f\u3001\u88fd\u9020\u696d\u306b\u304a\u3051\u308b\u6700\u5148\u7aef\u306e\u30b7\u30b9\u30c6\u30e0\u63d0\u6848\u3001\u30c6\u30b9\u30c8(\u4e8b\u524d\u691c\u8a3c)\u3001 \u8a2d\u8a08\u3001\u88fd\u4f5c\u3001\u65bd\u5de5\u3001\u8a2d\u7f6e\u3001\u904b\u7528...","breadcrumb":{"@id":"https:\/\/meiji-uk.com\/about-us\/#breadcrumb"},"inLanguage":"ja-JP","potentialAction":[{"@type":"ReadAction","target":["https:\/\/meiji-uk.com\/about-us\/"]}]},{"@type":"ImageObject","inLanguage":"ja-JP","@id":"https:\/\/meiji-uk.com\/about-us\/#primaryimage","url":"https:\/\/meiji-uk.com\/wp-content\/uploads\/2024\/12\/unnamed-1-2.png","contentUrl":"https:\/\/meiji-uk.com\/wp-content\/uploads\/2024\/12\/unnamed-1-2.png"},{"@type":"BreadcrumbList","@id":"https:\/\/meiji-uk.com\/about-us\/#breadcrumb","itemListElement":[{"@type":"ListItem","position":1,"name":"Home","item":"https:\/\/meiji-uk.com\/ja\/"},{"@type":"ListItem","position":2,"name":"About us"}]},{"@type":"WebSite","@id":"https:\/\/meiji-uk.com\/#website","url":"https:\/\/meiji-uk.com\/","name":"Meiji UK","description":"Solution with MEIJI UK","publisher":{"@id":"https:\/\/meiji-uk.com\/#organization"},"alternateName":"Meiji","potentialAction":[{"@type":"SearchAction","target":{"@type":"EntryPoint","urlTemplate":"https:\/\/meiji-uk.com\/?s={search_term_string}"},"query-input":{"@type":"PropertyValueSpecification","valueRequired":true,"valueName":"search_term_string"}}],"inLanguage":"ja-JP"},{"@type":"Organization","@id":"https:\/\/meiji-uk.com\/#organization","name":"Meiji UK Ltd.","url":"https:\/\/meiji-uk.com\/","logo":{"@type":"ImageObject","inLanguage":"ja-JP","@id":"https:\/\/meiji-uk.com\/#\/schema\/logo\/image\/","url":"https:\/\/meiji-uk.com\/wp-content\/uploads\/2024\/12\/cropped-meiji-logo-A85wXOpW7aCD7lkR-1.avif","contentUrl":"https:\/\/meiji-uk.com\/wp-content\/uploads\/2024\/12\/cropped-meiji-logo-A85wXOpW7aCD7lkR-1.avif","width":512,"height":512,"caption":"Meiji UK Ltd."},"image":{"@id":"https:\/\/meiji-uk.com\/#\/schema\/logo\/image\/"}}]}},"uagb_featured_image_src":{"full":false,"thumbnail":false,"medium":false,"medium_large":false,"large":false,"1536x1536":false,"2048x2048":false},"uagb_author_info":{"display_name":"Meiji UK","author_link":"https:\/\/meiji-uk.com\/ja\/author\/noelx213gmail-com\/"},"uagb_comment_info":0,"uagb_excerpt":"\u5f0a\u793e\u306fFA\u306e\u7dcf\u5408\u5c02\u9580\u5546\u793e\u3068\u3057\u3066\u30011998\u5e74\u306e\u8a2d\u7acb\u4ee5\u6765\u3001\u82f1\u56fd\u30fb\u6b27\u5dde\u306b\u9032\u51fa\u3059\u308b\u4f01\u696d\u69d8\u306e\u304a\u624b\u4f1d\u3044\u3092\u3057\u3066\u307e\u3044\u308a\u307e\u3057\u305f\u3002&hellip;","_links":{"self":[{"href":"https:\/\/meiji-uk.com\/ja\/wp-json\/wp\/v2\/pages\/495","targetHints":{"allow":["GET"]}}],"collection":[{"href":"https:\/\/meiji-uk.com\/ja\/wp-json\/wp\/v2\/pages"}],"about":[{"href":"https:\/\/meiji-uk.com\/ja\/wp-json\/wp\/v2\/types\/page"}],"author":[{"embeddable":true,"href":"https:\/\/meiji-uk.com\/ja\/wp-json\/wp\/v2\/users\/1"}],"replies":[{"embeddable":true,"href":"https:\/\/meiji-uk.com\/ja\/wp-json\/wp\/v2\/comments?post=495"}],"version-history":[{"count":60,"href":"https:\/\/meiji-uk.com\/ja\/wp-json\/wp\/v2\/pages\/495\/revisions"}],"predecessor-version":[{"id":2155,"href":"https:\/\/meiji-uk.com\/ja\/wp-json\/wp\/v2\/pages\/495\/revisions\/2155"}],"wp:attachment":[{"href":"https:\/\/meiji-uk.com\/ja\/wp-json\/wp\/v2\/media?parent=495"}],"curies":[{"name":"wp","href":"https:\/\/api.w.org\/{rel}","templated":true}]}}